{"id":50,"date":"2016-07-04T15:07:06","date_gmt":"2016-07-04T15:07:06","guid":{"rendered":"http:\/\/sb-forst.de\/?page_id=50"},"modified":"2022-08-09T10:08:19","modified_gmt":"2022-08-09T10:08:19","slug":"ueber-uns","status":"publish","type":"page","link":"https:\/\/sb-forst.de\/?page_id=50","title":{"rendered":"\u00dcber uns"},"content":{"rendered":"<p>Die Firma SB-Forst ist noch ein recht junges Unternehmen.<\/p>\n<p>Aufgrund unserer langj\u00e4hrigen Erfahrung im Bereich Wald- und Forstwirtschaft und dem eigenst\u00e4digen Aufbereiten von Stammholz zu Brennholz, besitzen wir im Gegensatz zu vielen anderen Anbietern die n\u00f6tige Erfahrung und das n\u00f6tige Know How, um dem Kunden individuell die f\u00fcr Ihn geeignete Maschine zu zeigen und zu pr\u00e4sentieren.<\/p>\n<p>Da wir selber in einem zweiten Standbein der Firma Brennholz aufarbeiten und verkaufen, sind alle Ger\u00e4te die wir verkaufen, zun\u00e4chst von uns erprobt und f\u00fcr tauglich und robust befunden worden.<\/p>\n<p>Maschinen, die uns nicht \u00fcberzeugen konnten, werden wir niemals an Kunden verkaufen! Unser Motto lautet: &#8222;Ein zufriedener Kunde kommt \u00f6fter, ein verbrellter Kunde nie mehr!&#8220;<\/p>\n<p>Durch unseren guten Kontakt zum Hersteller und dem direkten Bezug von Werk aus ist es uns m\u00f6glich, unser Know How bei Neuentwicklungen mit einzubringen und individuell auf Kundenw\u00fcnsche, Verbesserungsvorschl\u00e4ge und W\u00fcnsche einzugehen.<\/p>\n<p>Da wir eng mit der Firma BBS-Lohnunternehmen zusammenarbeiten, verf\u00fcgen wir \u00fcber eine gro\u00dfe Produktpalette an Maschinen und haben selbstverst\u00e4ndlich auch eine gro\u00dfe Ausstellungsfl\u00e4che, wo alle unsere Maschinen angeschaut, begutachtet und selbstverst\u00e4ndlich auch vorgef\u00fchrt werden k\u00f6nnen.<\/p>\n<p>Sie finden uns unter folgender Adresse:<\/p>\n<p><strong>Verkaufshalle:<\/strong><br \/>\nVulkanstra\u00dfe 5a<br \/>\n54558 Gillenfeld<br \/>\n0151 \/ 261 84 245<\/p>\n<p><strong>Achtung!<\/strong><\/p>\n<p>Besichtigung der Ger\u00e4te erfolgt am Standort Brockscheid:<\/p>\n<pre>Ausstellung:\nGlockenstra\u00dfe 51 - 53\n54552 Brockscheid\nTel.: 06573\/ 953015 - 0<\/pre>\n","protected":false},"excerpt":{"rendered":"<p>Die Firma SB-Forst ist noch ein recht junges Unternehmen. Aufgrund unserer langj\u00e4hrigen Erfahrung im Bereich Wald- und Forstwirtschaft und dem eigenst\u00e4digen Aufbereiten von Stammholz zu Brennholz, besitzen wir im Gegensatz zu vielen anderen Anbietern die n\u00f6tige Erfahrung und das n\u00f6tige Know How, um dem Kunden individuell die f\u00fcr Ihn geeignete Maschine zu zeigen und zu [&hellip;]<\/p>\n","protected":false},"author":1,"featured_media":0,"parent":0,"menu_order":0,"comment_status":"closed","ping_status":"closed","template":"","meta":{"_monsterinsights_skip_tracking":false,"_monsterinsights_sitenote_active":false,"_monsterinsights_sitenote_note":"","_monsterinsights_sitenote_category":0},"_links":{"self":[{"href":"https:\/\/sb-forst.de\/index.php?rest_route=\/wp\/v2\/pages\/50"}],"collection":[{"href":"https:\/\/sb-forst.de\/index.php?rest_route=\/wp\/v2\/pages"}],"about":[{"href":"https:\/\/sb-forst.de\/index.php?rest_route=\/wp\/v2\/types\/page"}],"author":[{"embeddable":true,"href":"https:\/\/sb-forst.de\/index.php?rest_route=\/wp\/v2\/users\/1"}],"replies":[{"embeddable":true,"href":"https:\/\/sb-forst.de\/index.php?rest_route=%2Fwp%2Fv2%2Fcomments&post=50"}],"version-history":[{"count":12,"href":"https:\/\/sb-forst.de\/index.php?rest_route=\/wp\/v2\/pages\/50\/revisions"}],"predecessor-version":[{"id":5363,"href":"https:\/\/sb-forst.de\/index.php?rest_route=\/wp\/v2\/pages\/50\/revisions\/5363"}],"wp:attachment":[{"href":"https:\/\/sb-forst.de\/index.php?rest_route=%2Fwp%2Fv2%2Fmedia&parent=50"}],"curies":[{"name":"wp","href":"https:\/\/api.w.org\/{rel}","templated":true}]}}