{"id":44,"date":"2016-07-04T14:55:58","date_gmt":"2016-07-04T14:55:58","guid":{"rendered":"http:\/\/sb-forst.de\/?page_id=44"},"modified":"2023-09-21T08:17:26","modified_gmt":"2023-09-21T08:17:26","slug":"unsere-haendler","status":"publish","type":"page","link":"https:\/\/sb-forst.de\/?page_id=44","title":{"rendered":"Unsere H\u00e4ndler"},"content":{"rendered":"\n<p>Hier finden Sie eine \u00dcbersicht aller unserer aktiven H\u00e4ndler in Deutschland, aufgeteilt nach Postleitzahlen:<\/p>\n\n\n\n<p><u><strong>00000-09999<\/strong><\/u><\/p>\n\n\n\n<p><strong>Motorenspezi Jens R\u00f6\u00dfel<\/strong><br>Oberlausitzer Str. 1a<br>02733 Cunewalde<br>Tel.: 035877 \/ 24367<br>Email: JeRoeMot@t-online.de<\/p>\n\n\n\n<p><strong>Baudienstleistung Marcel Unger<\/strong><br>Schmogrower Stra\u00dfe 2<br>03096 Schmogrow-Fehrow<br>015162967157<br>Email: m.unger.bau@t-online.de<\/p>\n\n\n\n<p><u><strong>10000-49999<\/strong><\/u><\/p>\n\n\n\n<p><strong>Sch\u00fctte Land-, Bau-, &amp; Gartentechnik<\/strong><br>Well 6<br>42929 Wermelskirchen<br>Tel.: 02196 \/ 885515<br>Email: FirmaSchuette@gmx.de<\/p>\n\n\n\n<p><u><strong>50000-59999<\/strong><\/u><\/p>\n\n\n\n<p><strong>Robert Aebi Landtechnik GmbH<\/strong><br>Dr.-Oetker-Str. 20<br>54516 Wittlich<br>Tel.: 0151 \/ 46243540<br>Email: A.Kaspar@Robert-Aebi.com<\/p>\n\n\n\n<p><strong>Michael Dengler Motorger\u00e4te<\/strong><br>Albert-Einstein-Stra\u00dfe 1<br>55435 Gau Algesheim<br>Tel.: 06725 \/ 919720<br>Email: Dengler.Michael@t-online.de<\/p>\n\n\n\n<p><strong>Hennemann Landmaschinen &amp; Zubeh\u00f6r<\/strong><br>B\u00e4derstra\u00dfe 38a<br>56357 Holzhausen<br>Tel.: 06772 \/ 962112<br>Email: Hennemann-LaMa@t-online.de<\/p>\n\n\n\n<p><strong>SBF Forst &amp; Technik GmbH<\/strong><br>Klaus Homrighausen<br>Im Hagenblech 85<br>59955 Winterberg<br>Tel.: 0151 \/ 56094128<br>Tel.: 02981 \/ 9294884<br>Email: k.homrighausen@sbaf-technik.de<\/p>\n\n\n\n<p><strong>TAB GmbH<\/strong><br>J\u00f6rg Schuch<br>Gewerbegebiet Bollerheide<br>54597 Auw<br>Tel.: +49 6552 991339<br>Email: joerg.schuch@tab-maschinen.de<\/p>\n\n\n\n<p><u><strong>60000-79999<\/strong><\/u><\/p>\n\n\n\n<p><strong>H\u00f6rig Landtechnik <\/strong><br>Kirschenallee 20<br>76476 Bischweier<br>Tel.: 07222 \/ 48038<br>Email: Info@Hoerig-Landtechnik.de<\/p>\n\n\n\n<p><strong>Stoll Baumaschinen GmbH<\/strong><br>Weiherstra\u00dfe 1<br>66564 Ottweiler<br>Tel.: \u00a006858 &#8211; 900999 &#8211; 37<br>Email: s.rimkus@stoll-baumaschinen.de<\/p>\n\n\n\n<p><strong>Auto Witzko<\/strong><br>Steinstra\u00dfe 32<br>65307 Bad Schwalbach<br>Tel.: \u00a00171 474 9797<br>Email: matthias.witzko@autowitzko.de<\/p>\n\n\n\n<p><u><strong>80000-99999<\/strong><\/u><\/p>\n\n\n\n<p><strong><br>L&amp;M Albrecht GbR<\/strong><br>Siedlerstr. 4<br>87471 Durach<br>Tel.: 0831 \/ 65505<br>Email: Hoflader@web.de<\/p>\n\n\n<p><strong>Schreibm\u00fcller Forst- und Garten<\/strong><br \/>Michael Schreibm\u00fcller<br \/>Apflauerstra\u00dfe 41<br \/>88069 Tettnang<br \/>Tel. &amp; Fax 07543\/96 00 80-5<br \/>Email:\u00a0<span style=\"color: #000000;\"><a style=\"color: #000000;\">info@schreibmueller.com<\/a><\/span><\/p>\n\n\n<p><strong>Hei\u00df Landtechnik GmbH<\/strong><br>Gro\u00dfbreitenbronn 12 <br>91732 Merkendorf<br>Tel.: 09826 \/ 543<br>E-Mail: landtechnik-heiss@t-online.de<\/p>\n\n\n\n<p><u><strong>F\u00fcr \u00d6sterreich<\/strong><\/u><\/p>\n\n\n\n<p><strong>LT-Profi GmbH<\/strong><br>Josef-Hallamayer-Stra\u00dfe 66 <br>AT-8230 Hartberg<br>Tel.:<a href=\"https:\/\/www.google.com\/search?q=lt+profi+%C3%B6sterreich&amp;rlz=1C1VDKB_deDE1047DE1047&amp;oq=lt+profi+%C3%B6sterreich&amp;aqs=chrome.0.69i59j69i64.2447j0j7&amp;sourceid=chrome&amp;ie=UTF-8&amp;bshm=rimc\/1#\"> <\/a>+43 3332 61180<br>E-Mail: johann.kandlhofer@lt-profi.at<\/p>\n","protected":false},"excerpt":{"rendered":"<p>Hier finden Sie eine \u00dcbersicht aller unserer aktiven H\u00e4ndler in Deutschland, aufgeteilt nach Postleitzahlen: 00000-09999 Motorenspezi Jens R\u00f6\u00dfelOberlausitzer Str. 1a02733 CunewaldeTel.: 035877 \/ 24367Email: JeRoeMot@t-online.de Baudienstleistung Marcel UngerSchmogrower Stra\u00dfe 203096 Schmogrow-Fehrow015162967157Email: m.unger.bau@t-online.de 10000-49999 Sch\u00fctte Land-, Bau-, &amp; GartentechnikWell 642929 WermelskirchenTel.: 02196 \/ 885515Email: FirmaSchuette@gmx.de 50000-59999 Robert Aebi Landtechnik GmbHDr.-Oetker-Str. 2054516 WittlichTel.: 0151 \/ 46243540Email: A.Kaspar@Robert-Aebi.com [&hellip;]<\/p>\n","protected":false},"author":1,"featured_media":0,"parent":0,"menu_order":0,"comment_status":"closed","ping_status":"closed","template":"","meta":{"_monsterinsights_skip_tracking":false,"_monsterinsights_sitenote_active":false,"_monsterinsights_sitenote_note":"","_monsterinsights_sitenote_category":0},"_links":{"self":[{"href":"https:\/\/sb-forst.de\/index.php?rest_route=\/wp\/v2\/pages\/44"}],"collection":[{"href":"https:\/\/sb-forst.de\/index.php?rest_route=\/wp\/v2\/pages"}],"about":[{"href":"https:\/\/sb-forst.de\/index.php?rest_route=\/wp\/v2\/types\/page"}],"author":[{"embeddable":true,"href":"https:\/\/sb-forst.de\/index.php?rest_route=\/wp\/v2\/users\/1"}],"replies":[{"embeddable":true,"href":"https:\/\/sb-forst.de\/index.php?rest_route=%2Fwp%2Fv2%2Fcomments&post=44"}],"version-history":[{"count":39,"href":"https:\/\/sb-forst.de\/index.php?rest_route=\/wp\/v2\/pages\/44\/revisions"}],"predecessor-version":[{"id":5893,"href":"https:\/\/sb-forst.de\/index.php?rest_route=\/wp\/v2\/pages\/44\/revisions\/5893"}],"wp:attachment":[{"href":"https:\/\/sb-forst.de\/index.php?rest_route=%2Fwp%2Fv2%2Fmedia&parent=44"}],"curies":[{"name":"wp","href":"https:\/\/api.w.org\/{rel}","templated":true}]}}