{"id":18,"date":"2016-06-08T12:25:46","date_gmt":"2016-06-08T12:25:46","guid":{"rendered":"http:\/\/sb-forst.de\/?page_id=18"},"modified":"2023-06-27T06:41:36","modified_gmt":"2023-06-27T06:41:36","slug":"startseite","status":"publish","type":"page","link":"https:\/\/sb-forst.de\/","title":{"rendered":"Willkommen bei SB-Forst"},"content":{"rendered":"\n<h3 class=\"has-text-align-center\"><strong>Wir sind Generalimporteur f\u00fcr BALFOR Forstger\u00e4te und Brennholzbearbeitungsmaschinen sowie Fachh\u00e4ndler f\u00fcr SOLIS, Branson und Kubota Traktoren &#8211; Ersatzteile und Zubeh\u00f6r. Alles was Sie f\u00fcr die Forst- und Waldarbeit sowie den Transport von G\u00fctern ben\u00f6tigen, finden Sie bei uns.<\/strong><\/h3>\n\n\n\n<h3 class=\"has-text-align-center\"><br><strong>Unsere Aktuelle Sonderaktion :<\/strong><\/h3>\n\n\n\n<p><\/p>\n\n\n\n<div class=\"wp-block-image\"><figure class=\"aligncenter size-large\"><img loading=\"lazy\" width=\"553\" height=\"781\" src=\"https:\/\/sb-forst.de\/wp-content\/uploads\/2023\/06\/Shark700C4250PI-SB-Forst.png\" alt=\"\" class=\"wp-image-5753\" srcset=\"https:\/\/sb-forst.de\/wp-content\/uploads\/2023\/06\/Shark700C4250PI-SB-Forst.png 553w, https:\/\/sb-forst.de\/wp-content\/uploads\/2023\/06\/Shark700C4250PI-SB-Forst-212x300.png 212w, https:\/\/sb-forst.de\/wp-content\/uploads\/2023\/06\/Shark700C4250PI-SB-Forst-416x588.png 416w\" sizes=\"(max-width: 553px) 100vw, 553px\" \/><\/figure><\/div>\n\n\n<h3 style=\"text-align: center;\">\u00a0<\/h3>\n<p><img loading=\"lazy\" class=\"aligncenter wp-image-5747 size-full\" src=\"http:\/\/sb-forst.de\/wp-content\/uploads\/2023\/06\/SB-Forst-Bild.png\" alt=\"\" width=\"588\" height=\"831\" srcset=\"https:\/\/sb-forst.de\/wp-content\/uploads\/2023\/06\/SB-Forst-Bild.png 588w, https:\/\/sb-forst.de\/wp-content\/uploads\/2023\/06\/SB-Forst-Bild-212x300.png 212w, https:\/\/sb-forst.de\/wp-content\/uploads\/2023\/06\/SB-Forst-Bild-416x588.png 416w\" sizes=\"(max-width: 588px) 100vw, 588px\" \/><\/p>\n<hr \/>\n<h3 style=\"text-align: center;\"><strong>BALFOR S\u00e4gespaltautomat 480 C und 416 C<\/strong><\/h3>\n<p><img loading=\"lazy\" class=\"aligncenter  wp-image-5528\" src=\"http:\/\/sb-forst.de\/wp-content\/uploads\/2023\/04\/Kleinanzeigen.png\" alt=\"\" width=\"460\" height=\"424\" srcset=\"https:\/\/sb-forst.de\/wp-content\/uploads\/2023\/04\/Kleinanzeigen.png 763w, https:\/\/sb-forst.de\/wp-content\/uploads\/2023\/04\/Kleinanzeigen-300x276.png 300w, https:\/\/sb-forst.de\/wp-content\/uploads\/2023\/04\/Kleinanzeigen-416x383.png 416w\" sizes=\"(max-width: 460px) 100vw, 460px\" \/><\/p>\n<h3>\u00a0<\/h3>\n<h5><img loading=\"lazy\" class=\"aligncenter  wp-image-5494\" src=\"http:\/\/sb-forst.de\/wp-content\/uploads\/2023\/03\/IMG_20230321_142026_163-scaled.jpg\" alt=\"\" width=\"457\" height=\"385\" \/><\/h5>\n<h5>\u00a0<\/h5>\n<h5>\u00a0<\/h5>\n<h3 style=\"text-align: center;\"><strong>Branson Traktoren in verschiedenen Gr\u00f6\u00dfen lieferbar!<\/strong><\/h3>\n<h3><a href=\" https:\/\/sb-forst.de\/?product=branson-6225c-traktor-allrad-kabine-fronthydraulik-frontzapfwelle\"><img loading=\"lazy\" class=\"aligncenter wp-image-5235 size-large\" src=\"http:\/\/sb-forst.de\/wp-content\/uploads\/2021\/05\/WhatsApp-Image-2021-05-12-at-14.20.459-1024x768.jpeg\" alt=\"\" width=\"980\" height=\"735\" srcset=\"https:\/\/sb-forst.de\/wp-content\/uploads\/2021\/05\/WhatsApp-Image-2021-05-12-at-14.20.459-1024x768.jpeg 1024w, https:\/\/sb-forst.de\/wp-content\/uploads\/2021\/05\/WhatsApp-Image-2021-05-12-at-14.20.459-300x225.jpeg 300w, https:\/\/sb-forst.de\/wp-content\/uploads\/2021\/05\/WhatsApp-Image-2021-05-12-at-14.20.459-768x576.jpeg 768w, https:\/\/sb-forst.de\/wp-content\/uploads\/2021\/05\/WhatsApp-Image-2021-05-12-at-14.20.459-1536x1152.jpeg 1536w, https:\/\/sb-forst.de\/wp-content\/uploads\/2021\/05\/WhatsApp-Image-2021-05-12-at-14.20.459-416x312.jpeg 416w, https:\/\/sb-forst.de\/wp-content\/uploads\/2021\/05\/WhatsApp-Image-2021-05-12-at-14.20.459.jpeg 1600w\" sizes=\"(max-width: 980px) 100vw, 980px\" \/><\/a><\/h3>\n<h3>\u00a0<\/h3>\n<h3>\u00a0<\/h3>\n<hr \/>\n<h3>\u00a0<\/h3>\n<h3>\u00a0<\/h3>\n<hr \/>\n<h3>\u00a0<\/h3>\n<h3 style=\"text-align: center;\"><strong>Unsere Topangebote<\/strong><\/h3>\n<figure id=\"attachment_3934\" aria-describedby=\"caption-attachment-3934\" style=\"width: 150px\" class=\"wp-caption alignleft\"><a href=\"https:\/\/sb-forst.de\/?product=balfor-bandsaege-sn-720-c-mit-zapfwellenantrieb-angebot\"><img loading=\"lazy\" class=\"wp-image-3934 size-thumbnail\" src=\"http:\/\/sb-forst.de\/wp-content\/uploads\/2020\/06\/Bandsaege-150x150.jpg\" alt=\"\" width=\"150\" height=\"150\" srcset=\"https:\/\/sb-forst.de\/wp-content\/uploads\/2020\/06\/Bandsaege-150x150.jpg 150w, https:\/\/sb-forst.de\/wp-content\/uploads\/2020\/06\/Bandsaege-324x324.jpg 324w, https:\/\/sb-forst.de\/wp-content\/uploads\/2020\/06\/Bandsaege-100x100.jpg 100w\" sizes=\"(max-width: 150px) 100vw, 150px\" \/><\/a><figcaption id=\"caption-attachment-3934\" class=\"wp-caption-text\">Bands\u00e4ge Jetzt reduziert<\/figcaption><\/figure>\n<figure id=\"attachment_3928\" aria-describedby=\"caption-attachment-3928\" style=\"width: 150px\" class=\"wp-caption alignleft\"><a href=\"https:\/\/sb-forst.de\/?product=balfor-holzspalter-a-7-vario-em-mit-220-v-elektroantrieb-angebot\"><img loading=\"lazy\" class=\"wp-image-3928 size-thumbnail\" src=\"http:\/\/sb-forst.de\/wp-content\/uploads\/2020\/06\/DSCI0524-150x150.jpg\" alt=\"\" width=\"150\" height=\"150\" srcset=\"https:\/\/sb-forst.de\/wp-content\/uploads\/2020\/06\/DSCI0524-150x150.jpg 150w, https:\/\/sb-forst.de\/wp-content\/uploads\/2020\/06\/DSCI0524-324x324.jpg 324w, https:\/\/sb-forst.de\/wp-content\/uploads\/2020\/06\/DSCI0524-100x100.jpg 100w\" sizes=\"(max-width: 150px) 100vw, 150px\" \/><\/a><figcaption id=\"caption-attachment-3928\" class=\"wp-caption-text\">Holzspalter A 7 Vario EM Jetzt reduziert<\/figcaption><\/figure>\n<figure id=\"attachment_4490\" aria-describedby=\"caption-attachment-4490\" style=\"width: 150px\" class=\"wp-caption alignleft\"><a href=\"http:\/\/sb-forst.de\/?product=dexwal-streuer-salzstreuer-heckstreuer-duengerstreuer-200l-neu\"><img loading=\"lazy\" class=\"wp-image-4490 size-thumbnail\" src=\"http:\/\/sb-forst.de\/wp-content\/uploads\/2020\/11\/DSCI0484-150x150.jpg\" alt=\"\" width=\"150\" height=\"150\" srcset=\"https:\/\/sb-forst.de\/wp-content\/uploads\/2020\/11\/DSCI0484-150x150.jpg 150w, https:\/\/sb-forst.de\/wp-content\/uploads\/2020\/11\/DSCI0484-324x324.jpg 324w, https:\/\/sb-forst.de\/wp-content\/uploads\/2020\/11\/DSCI0484-100x100.jpg 100w\" sizes=\"(max-width: 150px) 100vw, 150px\" \/><\/a><figcaption id=\"caption-attachment-4490\" class=\"wp-caption-text\">Salzstreuer mit Dreipunktaufnahme<\/figcaption><\/figure>\n<figure id=\"attachment_2308\" aria-describedby=\"caption-attachment-2308\" style=\"width: 140px\" class=\"wp-caption alignleft\"><a href=\"http:\/\/sb-forst.de\/?product=solis-50-unser-starker-allrounder\"><img loading=\"lazy\" class=\"wp-image-2308\" src=\"http:\/\/sb-forst.de\/wp-content\/uploads\/2018\/11\/DSCI0441-150x150.jpg\" alt=\"\" width=\"140\" height=\"105\" srcset=\"https:\/\/sb-forst.de\/wp-content\/uploads\/2018\/11\/DSCI0441-416x312.jpg 416w, https:\/\/sb-forst.de\/wp-content\/uploads\/2018\/11\/DSCI0441-300x225.jpg 300w, https:\/\/sb-forst.de\/wp-content\/uploads\/2018\/11\/DSCI0441-768x575.jpg 768w, https:\/\/sb-forst.de\/wp-content\/uploads\/2018\/11\/DSCI0441-1024x767.jpg 1024w, https:\/\/sb-forst.de\/wp-content\/uploads\/2018\/11\/DSCI0441.jpg 1125w\" sizes=\"(max-width: 140px) 100vw, 140px\" \/><\/a><figcaption id=\"caption-attachment-2308\" class=\"wp-caption-text\">SOLIS 50 &#8211; Unser starker Allrounder<\/figcaption><\/figure>\n<h2>\u00a0<\/h2>\n<h2>\u00a0<\/h2>\n<h2>\u00a0<\/h2>\n<h2>\u00a0<\/h2>\n<h2 style=\"text-align: center;\"><strong><span style=\"color: #008000;\">SB-Forst<\/span><\/strong> <span style=\"color: #ff0000;\">BALFOR Generalimporteur<\/span><\/h2>\n<h6 style=\"text-align: center;\"><strong>Bei uns finden Sie: Holzspalter, Holzspalter liegend, Holzspalter stehend, Kurzholzspalter, Brennholzs\u00e4gen, Wippkreiss\u00e4gen, Wippkreiss\u00e4gen mit F\u00f6rderband, Bands\u00e4gen, Bands\u00e4gen mit F\u00f6rderband, S\u00e4gespaltautomaten, F\u00f6rderb\u00e4nder, Traktoren, Kleintraktoren, Schmalspurtraktoren, Anh\u00e4nger, Kipper, 3-Seiten-Kipper, Heckkipper, Pritschen, PKW-Anh\u00e4nger, Autotransporter, Anbauger\u00e4te, Forstwerkzeuge, Ersatzteile, Zubeh\u00f6r<\/strong><\/h6>\n<hr \/>\n<h6 style=\"text-align: center;\">\u00a0<\/h6>","protected":false},"excerpt":{"rendered":"<p>Wir sind Generalimporteur f\u00fcr BALFOR Forstger\u00e4te und Brennholzbearbeitungsmaschinen sowie Fachh\u00e4ndler f\u00fcr SOLIS, Branson und Kubota Traktoren &#8211; Ersatzteile und Zubeh\u00f6r. Alles was Sie f\u00fcr die Forst- und Waldarbeit sowie den Transport von G\u00fctern ben\u00f6tigen, finden Sie bei uns. Unsere Aktuelle Sonderaktion : \u00a0 BALFOR S\u00e4gespaltautomat 480 C und 416 C \u00a0 \u00a0 \u00a0 Branson Traktoren [&hellip;]<\/p>\n","protected":false},"author":1,"featured_media":0,"parent":0,"menu_order":0,"comment_status":"closed","ping_status":"closed","template":"","meta":{"_monsterinsights_skip_tracking":false,"_monsterinsights_sitenote_active":false,"_monsterinsights_sitenote_note":"","_monsterinsights_sitenote_category":0},"_links":{"self":[{"href":"https:\/\/sb-forst.de\/index.php?rest_route=\/wp\/v2\/pages\/18"}],"collection":[{"href":"https:\/\/sb-forst.de\/index.php?rest_route=\/wp\/v2\/pages"}],"about":[{"href":"https:\/\/sb-forst.de\/index.php?rest_route=\/wp\/v2\/types\/page"}],"author":[{"embeddable":true,"href":"https:\/\/sb-forst.de\/index.php?rest_route=\/wp\/v2\/users\/1"}],"replies":[{"embeddable":true,"href":"https:\/\/sb-forst.de\/index.php?rest_route=%2Fwp%2Fv2%2Fcomments&post=18"}],"version-history":[{"count":147,"href":"https:\/\/sb-forst.de\/index.php?rest_route=\/wp\/v2\/pages\/18\/revisions"}],"predecessor-version":[{"id":5754,"href":"https:\/\/sb-forst.de\/index.php?rest_route=\/wp\/v2\/pages\/18\/revisions\/5754"}],"wp:attachment":[{"href":"https:\/\/sb-forst.de\/index.php?rest_route=%2Fwp%2Fv2%2Fmedia&parent=18"}],"curies":[{"name":"wp","href":"https:\/\/api.w.org\/{rel}","templated":true}]}}