{"id":13,"date":"2016-06-08T11:07:54","date_gmt":"2016-06-08T11:07:54","guid":{"rendered":"http:\/\/sb-forst.de\/?page_id=13"},"modified":"2019-08-19T08:39:04","modified_gmt":"2019-08-19T08:39:04","slug":"bezahlmoeglichkeiten","status":"publish","type":"page","link":"https:\/\/sb-forst.de\/?page_id=13","title":{"rendered":"Zahlungsarten"},"content":{"rendered":"<div class=\"woocommerce woocommerce-gzd\">\n\n    <ul class=\"payment_methods methods\">\n\n\t\t\n            <li class=\"payment_method_cod\">\n                <label for=\"payment_method_cod\">bei Abholung \/ vor Abholung oder bei Lieferung<\/label>\n\t\t\t\t            <\/li>\n\n\t\t\n    <\/ul>\n\n<\/div>\n<p>Abholung: Sie k\u00f6nnen die Ware bei uns abholen kommen. Bitte fragen Sie vorher Verf\u00fcgbarkeit an, danke.<\/p>\n<p>\u00dcberweisung: Sie k\u00f6nne den Betrag vorab \u00fcberweisen und dann die Ware abholen kommen oder, wenn gew\u00fcnscht, versenden wir die Ware zu Ihnen. Die Versandkosten \u00fcbernimmt der K\u00e4ufer.<\/p>\n<p>Bezahlung bei Auslieferung: Sie k\u00f6nnen sich die Ware auch Liefern lassen und dem Spediteur den Betrag \u00fcbergeben. Dieser wird es an uns weiterleiten. Die Nachnahmegeb\u00fchr tr\u00e4gt der K\u00e4ufer.<\/p>\n","protected":false},"excerpt":{"rendered":"<p>Abholung: Sie k\u00f6nnen die Ware bei uns abholen kommen. Bitte fragen Sie vorher Verf\u00fcgbarkeit an, danke. \u00dcberweisung: Sie k\u00f6nne den Betrag vorab \u00fcberweisen und dann die Ware abholen kommen oder, wenn gew\u00fcnscht, versenden wir die Ware zu Ihnen. Die Versandkosten \u00fcbernimmt der K\u00e4ufer. Bezahlung bei Auslieferung: Sie k\u00f6nnen sich die Ware auch Liefern lassen und [&hellip;]<\/p>\n","protected":false},"author":1,"featured_media":0,"parent":0,"menu_order":0,"comment_status":"closed","ping_status":"closed","template":"","meta":{"_monsterinsights_skip_tracking":false,"_monsterinsights_sitenote_active":false,"_monsterinsights_sitenote_note":"","_monsterinsights_sitenote_category":0},"_links":{"self":[{"href":"https:\/\/sb-forst.de\/index.php?rest_route=\/wp\/v2\/pages\/13"}],"collection":[{"href":"https:\/\/sb-forst.de\/index.php?rest_route=\/wp\/v2\/pages"}],"about":[{"href":"https:\/\/sb-forst.de\/index.php?rest_route=\/wp\/v2\/types\/page"}],"author":[{"embeddable":true,"href":"https:\/\/sb-forst.de\/index.php?rest_route=\/wp\/v2\/users\/1"}],"replies":[{"embeddable":true,"href":"https:\/\/sb-forst.de\/index.php?rest_route=%2Fwp%2Fv2%2Fcomments&post=13"}],"version-history":[{"count":2,"href":"https:\/\/sb-forst.de\/index.php?rest_route=\/wp\/v2\/pages\/13\/revisions"}],"predecessor-version":[{"id":3063,"href":"https:\/\/sb-forst.de\/index.php?rest_route=\/wp\/v2\/pages\/13\/revisions\/3063"}],"wp:attachment":[{"href":"https:\/\/sb-forst.de\/index.php?rest_route=%2Fwp%2Fv2%2Fmedia&parent=13"}],"curies":[{"name":"wp","href":"https:\/\/api.w.org\/{rel}","templated":true}]}}