{"id":12,"date":"2016-06-08T11:07:53","date_gmt":"2016-06-08T11:07:53","guid":{"rendered":"http:\/\/sb-forst.de\/?page_id=12"},"modified":"2018-03-20T13:57:08","modified_gmt":"2018-03-20T13:57:08","slug":"versandarten","status":"publish","type":"page","link":"https:\/\/sb-forst.de\/?page_id=12","title":{"rendered":"Versandarten"},"content":{"rendered":"<p>Sie k\u00f6nnen die Ware bei uns abholen, dadurch haben Sie den Versand gespart. Bitte vorher bescheid geben!<\/p>\n<p>Oder wir schicken Ihnen gerne die Ware zu Ihnen nach Hause. Bitte beachten Sie, dass unser Spediteur nur die Ware zu Ihnen bringt, abladen m\u00fcssen Sie selber. Deshalb sollten Sie kl\u00e4ren, ob Ihnen jemand behilflich sein kann mit einem Frontlader oder Gabelstapler, da die Ger\u00e4te meist schwer und unhandlich sind, um mit der Hand zu transportieren.<\/p>\n<p><strong><span style=\"color: #000000;\">Versandkosten:<\/span> <span style=\"color: #000000;\">50-350,00 \u20ac je nach Ger\u00e4t und Entfernung.<\/span> <\/strong><\/p>\n<p>Wir versuchen, Ihnen den g\u00fcnstigsten Versand anzubieten, dazu ben\u00f6tigen wir die genaue Anschrift. Die Lieferzeiten k\u00f6nnen sich verk\u00fcrzen, wenn wir sowieso schon in Ihrer Richtung Waren versenden und die Spedition noch Ladekapazit\u00e4t hat, was \u00f6fter der Fall ist. Somit erhalten Sie die Ware recht z\u00fcgig.<\/p>\n","protected":false},"excerpt":{"rendered":"<p>Sie k\u00f6nnen die Ware bei uns abholen, dadurch haben Sie den Versand gespart. Bitte vorher bescheid geben! Oder wir schicken Ihnen gerne die Ware zu Ihnen nach Hause. Bitte beachten Sie, dass unser Spediteur nur die Ware zu Ihnen bringt, abladen m\u00fcssen Sie selber. Deshalb sollten Sie kl\u00e4ren, ob Ihnen jemand behilflich sein kann mit [&hellip;]<\/p>\n","protected":false},"author":1,"featured_media":0,"parent":0,"menu_order":0,"comment_status":"closed","ping_status":"closed","template":"","meta":{"_monsterinsights_skip_tracking":false,"_monsterinsights_sitenote_active":false,"_monsterinsights_sitenote_note":"","_monsterinsights_sitenote_category":0},"_links":{"self":[{"href":"https:\/\/sb-forst.de\/index.php?rest_route=\/wp\/v2\/pages\/12"}],"collection":[{"href":"https:\/\/sb-forst.de\/index.php?rest_route=\/wp\/v2\/pages"}],"about":[{"href":"https:\/\/sb-forst.de\/index.php?rest_route=\/wp\/v2\/types\/page"}],"author":[{"embeddable":true,"href":"https:\/\/sb-forst.de\/index.php?rest_route=\/wp\/v2\/users\/1"}],"replies":[{"embeddable":true,"href":"https:\/\/sb-forst.de\/index.php?rest_route=%2Fwp%2Fv2%2Fcomments&post=12"}],"version-history":[{"count":2,"href":"https:\/\/sb-forst.de\/index.php?rest_route=\/wp\/v2\/pages\/12\/revisions"}],"predecessor-version":[{"id":1344,"href":"https:\/\/sb-forst.de\/index.php?rest_route=\/wp\/v2\/pages\/12\/revisions\/1344"}],"wp:attachment":[{"href":"https:\/\/sb-forst.de\/index.php?rest_route=%2Fwp%2Fv2%2Fmedia&parent=12"}],"curies":[{"name":"wp","href":"https:\/\/api.w.org\/{rel}","templated":true}]}}