{"id":11,"date":"2016-06-08T11:07:53","date_gmt":"2016-06-08T11:07:53","guid":{"rendered":"http:\/\/sb-forst.de\/?page_id=11"},"modified":"2016-07-04T15:28:14","modified_gmt":"2016-07-04T15:28:14","slug":"widerrufsbelehrung","status":"publish","type":"page","link":"https:\/\/sb-forst.de\/?page_id=11","title":{"rendered":"Widerrufsbelehrung"},"content":{"rendered":"<div>\n<p>Wir gew\u00e4hren gem\u00e4\u00df Gesetzesvorgaben ein Wiederrufsrecht innerhalb von 14 Tagen ohne Angabe von Gr\u00fcnde. Die gilt jedoch nur auf Lagerware. Bestellware wird mit einem Vertrag unterzeichnet, es wird eine Anzahlung in H\u00f6he von 25% f\u00e4llig. Hierbei wird die Anzahlung in H\u00f6he von 25% bei R\u00fccktritt vom Kauf <strong><u>nicht<\/u><\/strong> erstattet, da Bearbeitungsgeb\u00fchren anfallen und somit auch die Firma SB-Forst Schaden nehmen kann.<\/p>\n<p>Es gilt das Deutsche Recht. Erf\u00fcllungort ist der Sitz von SB-Forst.<\/p>\n<p>Weitere Angaben befinden sich in den AGB\u00b4s<\/p>\n<p>SB-Forst<br \/>\nSimon Burgard<br \/>\nSchulstra\u00dfe 5<br \/>\n56864 Bad Bertrich<br \/>\nDeutschland<\/p>\n<\/div>\n","protected":false},"excerpt":{"rendered":"<p>Wir gew\u00e4hren gem\u00e4\u00df Gesetzesvorgaben ein Wiederrufsrecht innerhalb von 14 Tagen ohne Angabe von Gr\u00fcnde. Die gilt jedoch nur auf Lagerware. Bestellware wird mit einem Vertrag unterzeichnet, es wird eine Anzahlung in H\u00f6he von 25% f\u00e4llig. Hierbei wird die Anzahlung in H\u00f6he von 25% bei R\u00fccktritt vom Kauf nicht erstattet, da Bearbeitungsgeb\u00fchren anfallen und somit auch [&hellip;]<\/p>\n","protected":false},"author":1,"featured_media":0,"parent":0,"menu_order":0,"comment_status":"closed","ping_status":"closed","template":"","meta":{"_monsterinsights_skip_tracking":false,"_monsterinsights_sitenote_active":false,"_monsterinsights_sitenote_note":"","_monsterinsights_sitenote_category":0},"_links":{"self":[{"href":"https:\/\/sb-forst.de\/index.php?rest_route=\/wp\/v2\/pages\/11"}],"collection":[{"href":"https:\/\/sb-forst.de\/index.php?rest_route=\/wp\/v2\/pages"}],"about":[{"href":"https:\/\/sb-forst.de\/index.php?rest_route=\/wp\/v2\/types\/page"}],"author":[{"embeddable":true,"href":"https:\/\/sb-forst.de\/index.php?rest_route=\/wp\/v2\/users\/1"}],"replies":[{"embeddable":true,"href":"https:\/\/sb-forst.de\/index.php?rest_route=%2Fwp%2Fv2%2Fcomments&post=11"}],"version-history":[{"count":3,"href":"https:\/\/sb-forst.de\/index.php?rest_route=\/wp\/v2\/pages\/11\/revisions"}],"predecessor-version":[{"id":63,"href":"https:\/\/sb-forst.de\/index.php?rest_route=\/wp\/v2\/pages\/11\/revisions\/63"}],"wp:attachment":[{"href":"https:\/\/sb-forst.de\/index.php?rest_route=%2Fwp%2Fv2%2Fmedia&parent=11"}],"curies":[{"name":"wp","href":"https:\/\/api.w.org\/{rel}","templated":true}]}}