{"id":10,"date":"2016-06-08T11:07:53","date_gmt":"2016-06-08T11:07:53","guid":{"rendered":"http:\/\/sb-forst.de\/?page_id=10"},"modified":"2020-05-14T09:25:16","modified_gmt":"2020-05-14T09:25:16","slug":"agb","status":"publish","type":"page","link":"https:\/\/sb-forst.de\/?page_id=10","title":{"rendered":"AGB"},"content":{"rendered":"<div>\n<p><strong>AGB<\/strong><br \/>\n<strong>Allgemeine Gesch\u00e4ftsbedingungen der Firma SB-Forst<\/strong><\/p>\n<p><strong>Zustandekommen des Vertrages, Lieferung:<\/strong><br \/>\nMit Ihrer Bestellung geben Sie eine verbindliche Kaufabsicht an uns ab, den Vertrag mit Ihnen zu schlie\u00dfen.<\/p>\n<p>Mit der Versendung einer Best\u00e4tigung per Post, oder E-Mail an Sie, ist der verbindliche Kauf zustande gekommen. Sofern nichts anderes vereinbart ist, liefern wir Klein- und Zubeh\u00f6rteile ca. 3 -10 Werktage nach Zahlungseingang. F\u00fcr Fahrzeuglieferungen und Palettenware k\u00f6nnen keine verbindlichen Liefertermine genannt werden. Ver\u00e4nderungen im Arbeitsablauf des Verk\u00e4ufers, des Spediteurs oder h\u00f6here Gewalt verl\u00e4ngern die Lieferzeiten unter Umst\u00e4nden und sind dem Verk\u00e4ufer nicht an zulasten. Es wird nur Zahlung per Vorkasse\/ \u00dcberweisung \/ Barzahlung bei Abholung akzeptiert. Aufgrund der Verbindlichkeit des Kaufvertrages ist nur im Rahmen des Fernabsatzgesetzes ein 14 t\u00e4giger R\u00fccktritt vom Kaufvertrag m\u00f6glich (dies gilt nur f\u00fcr Privatkunden, nicht f\u00fcr Gewerbetreibende). Pers\u00f6nlich geschlossene Kaufvertr\u00e4ge unterliegen keinem R\u00fccktrittsrecht. Wird dennoch vom Kauf zur\u00fcck getreten, stehen der Firma SB-Forst in jedem Fall 50 % der Gesamtforderung als Ausgleich einredefrei zu. Zus\u00e4tzlich tr\u00e4gt der Verursacher s\u00e4mtliche Zusatz- und Nebenkosten in dem jeweiligen Fall in voller H\u00f6he<\/p>\n<p>Mit der Bestellung akzeptieren Sie diese AGBs in seiner Gesamtheit unwiderruflich.<\/p>\n<p><strong>Geltungsbereich und Vertragsabschluss:<\/strong><\/p>\n<p>Unsere Lieferungen, Leistungen und Angebote erfolgen ausschlie\u00dflich aufgrund dieser Allgemeinen Gesch\u00e4ftsbedingungen in Deutschland. Sie gelten somit auch f\u00fcr alle k\u00fcnftigen Gesch\u00e4ftsbeziehungen, auch wenn sie nicht nochmals ausdr\u00fccklich vereinbart werden.<\/p>\n<p>In Werbeanzeigen und Preisvergleichsseiten usw. enthaltene Angebote sind \u2013 auch bez\u00fcglich der Preisangaben \u2013 freibleibend und unverbindlich.<\/p>\n<p>Die Bestellung ist ein bindendes Angebot.<\/p>\n<p><strong>Preise:<\/strong><\/p>\n<p>Es gelten die Preise vom Tag des Kaufs.<\/p>\n<p><strong>Lieferbedingungen:<\/strong><\/p>\n<p>Dem K\u00e4ufer zumutbare Teillieferungen und Teilleistungen sind zul\u00e4ssig. Jede dem K\u00e4ufer zumutbare Teillieferung und Teilleistung gilt in diesem Falle als selbst\u00e4ndige Lieferung und Leistung.<\/p>\n<p>Sofern der Verk\u00e4ufer nicht vorher die Leistung endg\u00fcltig verweigert hat, kann der K\u00e4ufer 8 Wochen nach \u00dcberschreitung eines unverbindlichen Liefertermins oder einer unverbindlichen Lieferfrist den Verk\u00e4ufer schriftlich auffordern, binnen angemessener Frist zu liefern. Mit dieser Mahnung kommt der Verk\u00e4ufer in Verzug.<\/p>\n<p>Der K\u00e4ufer kann im Falle des Verzugs dem Verk\u00e4ufer auch schriftlich eine angemessene Nachfrist zur Nacherf\u00fcllung setzen. Sofern eine dem Verk\u00e4ufer vom K\u00e4ufer schriftlich gesetzte angemessene Frist zur Leistung oder Nacherf\u00fcllung erfolglos verstrichen ist, und der Verk\u00e4ufer dies zu vertreten hat, kann der K\u00e4ufer statt der Leistung Schadenersatz verlangen. Ein Schadenersatzanspruch wegen der gesamten Leistung kann nicht geltend gemacht werden, wenn der Verk\u00e4ufer die Leistungen nicht wie geschuldet bewirkt hat und die Pflichtverletzung unerheblich ist. Der Schadenersatzanspruch beschr\u00e4nkt sich bei leichter Fahrl\u00e4ssigkeit auf h\u00f6chstens 10% des Kaufpreises. Ist der K\u00e4ufer eine juristische Person des \u00f6ffentlichen Rechts, ein \u00f6ffentlich-rechtliches Sonderverm\u00f6gen oder ein Unternehmer im Sinne des \u00a714 BGB, steht ihm ein Schadensersatz nur bei Vorsatz oder grober Fahrl\u00e4ssigkeit zu.<\/p>\n<p>Vom Verk\u00e4ufer nicht zu vertretende St\u00f6rungen im Gesch\u00e4ftsbetrieb des Verk\u00e4ufers oder bei dessen Vorlieferanten, insbesondere Arbeitsausst\u00e4nde und Aussperrungen sowie F\u00e4lle h\u00f6herer Gewalt, die auf einem unvorhersehbaren und unverschuldeten Ereignis beruhen, verl\u00e4ngern die Lieferzeit entsprechend.<\/p>\n<p>Die Ware kann durch die Deutsche Post AG, Hermes, DPD oder eine andere Spedition geliefert werden.<\/p>\n<p><strong>Gew\u00e4hrleistung und Haftung:<\/strong><\/p>\n<p>Die Gew\u00e4hrleistung bel\u00e4uft sich lt. der gesetzlichen Vorgabe auf 24 Monate, wobei nach 6 Monaten der Umkehrschluss eintritt und der Mangel vom K\u00e4ufer nachzuweisen ist.<br \/>\nDie Gew\u00e4hrleistung f\u00fcr general\u00fcberholte oder gebrauchte Ger\u00e4te bel\u00e4uft sich auf 12 Monate, wobei nach 3 Monaten der Umkehrschluss eintritt und der Mangel vom K\u00e4ufer nachzuweisen ist.<\/p>\n<p>Die Gew\u00e4hrleistungsfrist an gewerbetreibende betr\u00e4gt 3 Monate ab Erhalt der Ware.<\/p>\n<p>Reparaturkosten oder anderweitig anfallende Kosten wie Versand- bzw. R\u00fccksendekosten werden von uns selbst nicht \u00fcbernommen.<\/p>\n<p>Dar\u00fcber hinausgehende Anspr\u00fcche des K\u00e4ufers, insbesondere Schadensersatzanspr\u00fcche einschlie\u00dflich entgangenem Gewinn oder wegen sonstiger Verm\u00f6genssch\u00e4den des K\u00e4ufers, sind ausgeschlossen. Dies gilt nicht, soweit der Schaden auf Vorsatz oder grober Fahrl\u00e4ssigkeit oder auf der Verletzung einer vertragswesentlichen Pflicht unsererseits beruht.<br \/>\nDer Gew\u00e4hrleistungserf\u00fcllungsort ist immer der Standort der Firma SB-Forst.<\/p>\n<p><strong>Abtretungsverbot:<\/strong><\/p>\n<p>Rechte aus den mit uns get\u00e4tigten Gesch\u00e4ften, insbesondere Gew\u00e4hrleistungsanspr\u00fcche, sind nicht \u00fcbertragbar.<\/p>\n<p>Ist der K\u00e4ufer eine juristische Person des \u00f6ffentlichen Rechts, ein \u00f6ffentlich-rechtliches Sonderverm\u00f6gen oder ein Unternehmer gem\u00e4\u00df \u00a7 14 BGB, bei dem der Vertrag zum Betrieb seines Handelsgewerbes geh\u00f6rt, gilt der Eigentumsvorbehalt f\u00fcr die Forderungen, die der Verk\u00e4ufer aus seinen laufenden Gesch\u00e4ftsbeziehungen gegen\u00fcber dem K\u00e4ufer hat. Be- und Verarbeitung erfolgen unter Ausschluss des Eigentumserwerbs nach \u00a7 950 BGB. Die bearbeitete Ware dient zur Sicherung in H\u00f6he des Rechnungswertes der verarbeiteten Vorbehaltsware. Bei Weiterver\u00e4u\u00dferung der Ware tritt der K\u00e4ufer jegliche daraus entstehenden Forderungen an den Verk\u00e4ufer ab. Die abgetretene Forderung dient zur Sicherheit der Kaufpreisforderung, bei laufender Rechnung der Saldoforderung, in H\u00f6he des Rechnungswertes der ver\u00e4u\u00dferten Ware.<\/p>\n<p>Auf Verlangen des K\u00e4ufers ist der Verk\u00e4ufer zum Verzicht auf den Eigentumsvorbehalt verpflichtet, wenn der K\u00e4ufer s\u00e4mtliche mit dem Kaufgegenstand in Zusammenhang stehende Forderungen erf\u00fcllt hat und f\u00fcr die \u00fcbrigen Forderungen aus der laufenden Gesch\u00e4ftsbeziehung eine angemessene Sicherung besteht. Die Ware ist auf jeden Fall bis zur vollst\u00e4ndigen Bezahlung, Eigentum der Firma SB-Forst.<\/p>\n<p><strong>Datenschutz:<\/strong><\/p>\n<p>Die mit der Bestellung des K\u00e4ufers \u00fcbermittelten Daten werden im Zusammenhang mit der Abwicklung des Vertrages bearbeitet und gespeichert. Die Weitergabe der Daten an Dritte erfolgt ausschlie\u00dflich im Rahmen der Vertragsabwicklung.<\/p>\n<p><strong>R\u00fcckabwicklung:<\/strong><\/p>\n<p>Soweit Sie den mit uns geschlossenen Vertrag wirksam widerrufen haben oder ein sonstiges R\u00fcckgaberecht besitzen, gelten f\u00fcr die R\u00fcckabwicklung folgende Regelungen:<\/p>\n<p>Sie sind zur R\u00fccksendung der Ware verpflichtet. Dabei entstehende Transportkosten sind von Ihnen zu tragen.<\/p>\n<p>Sie haben Wertersatz f\u00fcr jede entstandene Verschlechterung der Ware zu leisten.<\/p>\n<p>An uns gezahlte Gelder sind ausschlie\u00dflich Zug-um-Zug an Sie zur\u00fcckzuzahlen, nachdem die Ware bei uns eingegangen ist. Solange die Ware nicht bei uns einging, sind wir zur Zahlung nicht verpflichtet und die Frist nach \u00a7 286 Abs. 3 BGB beginnt nicht zu laufen. Ein Recht auf Zur\u00fcckbehaltung an uns geleisteter Gelder besteht f\u00fcr uns in den F\u00e4llen eines wirksamen Widerrufs nicht, wenn Sie nachweisen k\u00f6nnen, dass Sie die Ware ordnungsgem\u00e4\u00df zur Post aufgegeben haben oder einem anderen Transporteur ordnungsgem\u00e4\u00df \u00fcbergeben haben.<\/p>\n<p>Unfrei an uns gesendete Pakete \/ Waren werden nicht angenommen. Kosten die dem Kunden hierf\u00fcr entstehen werden von uns nicht \u00fcbernommen. Auf Wunsch des K\u00e4ufers ver\u00e4nderte oder extra angefertigte Waren, sind von einer R\u00fcckgabe ausgeschlossen.<\/p>\n<p><strong>Teilunwirksamkeit:<\/strong><\/p>\n<p>Bei Unwirksamkeit einzelner Bestimmungen bleibt die Geltung der \u00fcbrigen Bestimmungen unber\u00fchrt.<\/p>\n<p>Widerrufsrecht (siehe Widerrufsrecht, R\u00fcckgabe)<\/p>\n<p>F\u00fcr Gewerbetreibende wird kein Widerrufsrecht einger\u00e4umt.<\/p>\n<p>Der Gerichtsstand ist der Sitz von SB-Forst.<\/p>\n<\/div>\n<div class=\"woocommerce woocommerce-gzd woocommerce-gzd-complaints-shortcode\">\n    <h3>Alternative Streitbeilegung gem\u00e4\u00df Art. 14 Abs. 1 ODR-VO und \u00a7 36 VSBG:<\/h3>\n\n<p>The european commission provides a platform for online dispute resolution (OS) which is accessible at <a href=\"https:\/\/ec.europa.eu\/consumers\/odr\" target=\"_blank\">https:\/\/ec.europa.eu\/consumers\/odr<\/a>. We are not obliged nor willing to participate in dispute settlement proceedings before a consumer arbitration board.<\/p>\n<\/div>\n","protected":false},"excerpt":{"rendered":"<p>AGB Allgemeine Gesch\u00e4ftsbedingungen der Firma SB-Forst Zustandekommen des Vertrages, Lieferung: Mit Ihrer Bestellung geben Sie eine verbindliche Kaufabsicht an uns ab, den Vertrag mit Ihnen zu schlie\u00dfen. Mit der Versendung einer Best\u00e4tigung per Post, oder E-Mail an Sie, ist der verbindliche Kauf zustande gekommen. Sofern nichts anderes vereinbart ist, liefern wir Klein- und Zubeh\u00f6rteile ca. [&hellip;]<\/p>\n","protected":false},"author":1,"featured_media":0,"parent":0,"menu_order":0,"comment_status":"closed","ping_status":"closed","template":"","meta":{"_monsterinsights_skip_tracking":false,"_monsterinsights_sitenote_active":false,"_monsterinsights_sitenote_note":"","_monsterinsights_sitenote_category":0},"_links":{"self":[{"href":"https:\/\/sb-forst.de\/index.php?rest_route=\/wp\/v2\/pages\/10"}],"collection":[{"href":"https:\/\/sb-forst.de\/index.php?rest_route=\/wp\/v2\/pages"}],"about":[{"href":"https:\/\/sb-forst.de\/index.php?rest_route=\/wp\/v2\/types\/page"}],"author":[{"embeddable":true,"href":"https:\/\/sb-forst.de\/index.php?rest_route=\/wp\/v2\/users\/1"}],"replies":[{"embeddable":true,"href":"https:\/\/sb-forst.de\/index.php?rest_route=%2Fwp%2Fv2%2Fcomments&post=10"}],"version-history":[{"count":5,"href":"https:\/\/sb-forst.de\/index.php?rest_route=\/wp\/v2\/pages\/10\/revisions"}],"predecessor-version":[{"id":3912,"href":"https:\/\/sb-forst.de\/index.php?rest_route=\/wp\/v2\/pages\/10\/revisions\/3912"}],"wp:attachment":[{"href":"https:\/\/sb-forst.de\/index.php?rest_route=%2Fwp%2Fv2%2Fmedia&parent=10"}],"curies":[{"name":"wp","href":"https:\/\/api.w.org\/{rel}","templated":true}]}}